{"id":840,"date":"2025-04-11T14:59:57","date_gmt":"2025-04-11T14:59:57","guid":{"rendered":"https:\/\/www.ajansitalya.com\/?page_id=840"},"modified":"2026-01-21T11:43:38","modified_gmt":"2026-01-21T11:43:38","slug":"rehberlik","status":"publish","type":"page","link":"https:\/\/www.ajansitalya.com\/index.php\/services\/rehberlik\/","title":{"rendered":"Rehberlik Hizmetleri"},"content":{"rendered":"<p>[et_pb_section fb_built=&#8221;1&#8243; admin_label=&#8221;Header&#8221; _builder_version=&#8221;4.27.4&#8243; _module_preset=&#8221;default&#8221; background_enable_color=&#8221;off&#8221; use_background_color_gradient=&#8221;on&#8221; background_color_gradient_stops=&#8221;#a39a78 100%|#29c4a9 100%&#8221; background_image=&#8221;https:\/\/www.ajansitalya.com\/wp-content\/uploads\/2025\/01\/Tour-Guide-1-min.jpeg&#8221; background_blend=&#8221;multiply&#8221; custom_padding=&#8221;60px||12px||false|false&#8221; animation_style=&#8221;slide&#8221; animation_direction=&#8221;right&#8221; locked=&#8221;off&#8221; collapsed=&#8221;on&#8221; global_colors_info=&#8221;{}&#8221; background__hover_enabled=&#8221;off|desktop&#8221;][et_pb_row _builder_version=&#8221;4.27.4&#8243; _module_preset=&#8221;default&#8221; custom_padding=&#8221;||12px|||&#8221; global_colors_info=&#8221;{}&#8221;][et_pb_column type=&#8221;4_4&#8243; _builder_version=&#8221;4.21.0&#8243; _module_preset=&#8221;default&#8221; global_colors_info=&#8221;{}&#8221;][et_pb_text _builder_version=&#8221;4.27.4&#8243; _module_preset=&#8221;1341393d-6505-47e5-88c1-9bf8c70cce91&#8243; text_text_color=&#8221;#FFFFFF&#8221; header_2_font=&#8221;&#8211;et_global_body_font||||||||&#8221; custom_margin=&#8221;||78px|||&#8221; custom_padding=&#8221;30px|||||&#8221; hover_enabled=&#8221;0&#8243; header_2_font_size_tablet=&#8221;&#8221; header_2_font_size_phone=&#8221;30px&#8221; header_2_font_size_last_edited=&#8221;on|phone&#8221; text_text_shadow_style=&#8221;preset3&#8243; text_text_shadow_horizontal_length=&#8221;0.2em&#8221; text_text_shadow_vertical_length=&#8221;0.2em&#8221; text_text_shadow_color=&#8221;#543900&#8243; locked=&#8221;off&#8221; global_colors_info=&#8221;{}&#8221; sticky_enabled=&#8221;0&#8243;]<\/p>\n<h2><span style=\"color: #ffffff;\">Rehberlik Hizmetleri<\/span><\/h2>\n<p>[\/et_pb_text][\/et_pb_column][\/et_pb_row][\/et_pb_section][et_pb_section fb_built=&#8221;1&#8243; admin_label=&#8221;Course Overview&#8221; _builder_version=&#8221;4.21.0&#8243; _module_preset=&#8221;default&#8221; background_enable_color=&#8221;off&#8221; custom_padding=&#8221;30px|||||&#8221; locked=&#8221;off&#8221; collapsed=&#8221;on&#8221; global_colors_info=&#8221;{}&#8221;][et_pb_row column_structure=&#8221;2_3,1_3&#8243; _builder_version=&#8221;4.21.0&#8243; _module_preset=&#8221;default&#8221; custom_margin=&#8221;-9px|auto||auto||&#8221; global_colors_info=&#8221;{}&#8221;][et_pb_column type=&#8221;2_3&#8243; _builder_version=&#8221;4.21.0&#8243; _module_preset=&#8221;default&#8221; global_colors_info=&#8221;{}&#8221;][et_pb_text _builder_version=&#8221;4.27.4&#8243; _module_preset=&#8221;5f587506-b060-4dc8-a9cb-fe94e6f9f559&#8243; custom_margin=&#8221;-11px||16px|||&#8221; custom_padding=&#8221;0px||0px|||&#8221; locked=&#8221;off&#8221; global_colors_info=&#8221;{}&#8221;]<\/p>\n<p><span style=\"font-size: large;\">Turizm \u015firketlerinin \u0130talya&#8217;ya d\u00fczenledi\u011fi turlar ve \u0130talya&#8217;y\u0131 bireysel seyahatleriyle gezmek isteyen bireyler i\u00e7in iki farkl\u0131 rehberlik hizmeti sunuyoruz.<\/span><\/p>\n<p><span style=\"font-size: large;\"><\/span><\/p>\n<p>[\/et_pb_text][et_pb_text _builder_version=&#8221;4.27.4&#8243; _module_preset=&#8221;45639e16-cfdb-4dd3-be01-af10088d3a13&#8243; custom_margin=&#8221;-10px||3px||false|false&#8221; custom_padding=&#8221;0px|||||&#8221; text_font_tablet=&#8221;&#8221; text_font_phone=&#8221;&#8211;et_global_body_font||||||||&#8221; text_font_last_edited=&#8221;on|phone&#8221; header_3_font_tablet=&#8221;&#8221; header_3_font_phone=&#8221;&#8211;et_global_heading_font|900|||||||&#8221; header_3_font_last_edited=&#8221;on|phone&#8221; header_3_font_size_phone=&#8221;28px&#8221; locked=&#8221;off&#8221; global_colors_info=&#8221;{}&#8221;]<\/p>\n<h3><span style=\"color: #2a5e2e;\">Grup Rehberlik Hizmetleri<\/span><\/h3>\n<p>[\/et_pb_text][et_pb_text _builder_version=&#8221;4.27.4&#8243; _module_preset=&#8221;5f587506-b060-4dc8-a9cb-fe94e6f9f559&#8243; custom_margin=&#8221;||8px|||&#8221; custom_padding=&#8221;0px||0px|||&#8221; locked=&#8221;off&#8221; global_colors_info=&#8221;{}&#8221;]<\/p>\n<p><span style=\"font-size: large;\">Turizm \u015eirketleri ya da turizm acenteleri taraf\u0131ndan d\u00fczenlenen \u0130talya Turlar\u0131 i\u00e7in sundu\u011fumuz rehberlik hizmetlerimizi <span style=\"color: #666666;\"><span style=\"color: #2a5e2e;\">Grup Rehberlik Hizmetleri<\/span> o<\/span>larak adland\u0131r\u0131yoruz. Bu hizmetlerimiz \u015fu bile\u015fenleri kaps\u0131yor;<br \/>&#8211;\u00a0 Havaalan\u0131nda Grup Kar\u015f\u0131lama<br \/>&#8211;\u00a0 T\u00fcm Transferlerin Organizasyonu\u00a0<br \/>&#8211;\u00a0 Restoran Rezervasyonlar\u0131<br \/>&#8211;\u00a0 Tur ile ziyaret edilen yerlerin, tarihi, k\u00fclt\u00fcrel ve sanatsal \u00f6yk\u00fclerinin anlat\u0131lmas\u0131 <br \/><\/span><span style=\"font-size: large;\">&#8211;\u00a0 Extra Turlar\u0131n Organizasyonu\u00a0<br \/>&#8211;\u00a0 Tur B\u00fct\u00e7esi Y\u00f6netimi<br \/>&#8211;\u00a0 TR D\u00f6n\u00fc\u015f u\u00e7u\u015fu \u00f6ncesi check-in, bagaj teslimi ve vergi iadesi s\u00fcre\u00e7leri deste\u011fi<\/span><\/p>\n<p><span style=\"font-size: large;\"><\/span><\/p>\n<p>[\/et_pb_text][et_pb_text _builder_version=&#8221;4.27.4&#8243; _module_preset=&#8221;45639e16-cfdb-4dd3-be01-af10088d3a13&#8243; custom_margin=&#8221;6px||3px||false|false&#8221; custom_padding=&#8221;0px||0px|||&#8221; header_3_font_tablet=&#8221;&#8221; header_3_font_phone=&#8221;&#8211;et_global_heading_font|900|||||||&#8221; header_3_font_last_edited=&#8221;on|phone&#8221; header_3_text_color_tablet=&#8221;&#8221; header_3_text_color_phone=&#8221;&#8221; header_3_text_color_last_edited=&#8221;on|phone&#8221; header_3_font_size_phone=&#8221;28px&#8221; background_color_phone=&#8221;RGBA(255,255,255,0)&#8221; background_last_edited=&#8221;on|phone&#8221; background_enable_color_phone=&#8221;on&#8221; locked=&#8221;off&#8221; global_colors_info=&#8221;{}&#8221;]<\/p>\n<h3><span style=\"color: #2a5e2e;\">VIP Rehberlik Hizmetleri<\/span><\/h3>\n<p>[\/et_pb_text][et_pb_text _builder_version=&#8221;4.27.4&#8243; _module_preset=&#8221;5f587506-b060-4dc8-a9cb-fe94e6f9f559&#8243; custom_margin=&#8221;||8px|||&#8221; custom_padding=&#8221;0px||0px|||&#8221; locked=&#8221;off&#8221; global_colors_info=&#8221;{}&#8221;]<\/p>\n<p><span style=\"font-size: large;\">Bireylerin ya da k\u00fc\u00e7\u00fck gruplar\u0131n, \u00f6zel beklentileri do\u011frultusunda planlad\u0131klar\u0131 \u0130talya seyahatleri i\u00e7in sundu\u011fumuz, ki\u015fi veya grubun beklentileri do\u011frultusunda \u00f6zelle\u015ftirdi\u011fimiz rehberlik hizmetlerimizi <span style=\"color: #2a5e2e;\">VIP Rehberlik Hizmetleri<\/span> olarak adland\u0131r\u0131yoruz. Bu kapsamda misafirlerimizin beklentileriyle \u00f6rt\u00fc\u015fen konfor ve deneyimleri sunmay\u0131 hedefliyor, destinasyon ve deneyim planlamalar\u0131 yap\u0131yoruz.\u00a0\u00a0<\/span><\/p>\n<p><span style=\"font-size: large;\">VIP Rehberlik Hizmetlerimiz \u015fu bile\u015fenleri kaps\u0131yor;<br \/>&#8211;\u00a0 Destinasyon ve Deneyim Planlamas\u0131 <br \/><\/span><span style=\"font-size: large;\">&#8211;\u00a0 Havaalan\u0131nda Kar\u015f\u0131lama<br \/>&#8211;\u00a0 \u015e\u00f6f\u00f6rl\u00fc VIP Ara\u00e7larla Transferler<br \/>&#8211;\u00a0 \u00d6zel Ara\u00e7 Kiralama\u00a0<br \/>&#8211;\u00a0 Planlanan Deneyimlere \u00d6zel Rezervasyonlar<br \/>&#8211;\u00a0 Ziyaret edilen yerlerin, tarihi, k\u00fclt\u00fcrel ve sanatsal \u00f6yk\u00fclerinin anlat\u0131lmas\u0131, planlanan \u00f6zel deneyimlerle ilgili bilgilerin verilmesi\u00a0<\/span><span style=\"font-size: large;\"><br \/>&#8211;\u00a0 TR D\u00f6n\u00fc\u015f U\u00e7u\u015fu \u00d6ncesi Check-In, Bagaj Teslimi ve Vergi \u0130adesi S\u00fcre\u00e7leri Deste\u011fi<\/span><\/p>\n<p><span style=\"font-size: large;\"><\/span><\/p>\n<p>[\/et_pb_text][\/et_pb_column][et_pb_column type=&#8221;1_3&#8243; _builder_version=&#8221;4.21.0&#8243; _module_preset=&#8221;default&#8221; background_color=&#8221;gcid-e787f6e4-87be-4325-83ae-4380ef468485&#8243; custom_padding=&#8221;40px|40px|40px|40px|true|true&#8221; custom_padding_tablet=&#8221;30px|30px|30px|30px|true|true&#8221; custom_padding_phone=&#8221;20px|20px|20px|20px|true|true&#8221; custom_padding_last_edited=&#8221;on|phone&#8221; global_colors_info=&#8221;{%22gcid-e787f6e4-87be-4325-83ae-4380ef468485%22:%91%22background_color%22%93}&#8221;][et_pb_text _builder_version=&#8221;4.27.4&#8243; _module_preset=&#8221;5f587506-b060-4dc8-a9cb-fe94e6f9f559&#8243; text_font_size=&#8221;18px&#8221; custom_margin=&#8221;||34px|||&#8221; text_font_size_tablet=&#8221;18px&#8221; text_font_size_phone=&#8221;18px&#8221; text_font_size_last_edited=&#8221;on|phone&#8221; locked=&#8221;off&#8221; global_colors_info=&#8221;{}&#8221;]<\/p>\n<p style=\"text-align: center;\"><span style=\"color: #ffffff;\">\u0130talya&#8217;n\u0131n en \u00f6nemli yerlerini,<br \/><\/span><span style=\"color: #ffffff;\">en \u00f6zel deneyimlerini<br \/><\/span><span style=\"color: #ffffff;\">bizimle ke\u015ffedin<\/span><\/p>\n<p>[\/et_pb_text][et_pb_image src=&#8221;https:\/\/www.ajansitalya.com\/wp-content\/uploads\/2025\/04\/Ajans-Italya-Banner-Dikey-min.png&#8221; title_text=&#8221;Ajans Italya Banner Dikey-min&#8221; _builder_version=&#8221;4.27.4&#8243; _module_preset=&#8221;default&#8221; global_colors_info=&#8221;{}&#8221;][\/et_pb_image][et_pb_button button_url=&#8221;https:\/\/wa.me\/905320533011?text=Merhaba,%20VIP%20\u0130talya%20Rehberlik%20Hizmetiniz%20hakk\u0131nda%20daha%20fazla%20bilgi%20alabilir%20miyim?&#8221; button_text=&#8221;B\u0130LG\u0130 ALIN&#8221; button_alignment=&#8221;center&#8221; _builder_version=&#8221;4.27.4&#8243; _module_preset=&#8221;3b55f436-00ee-4270-84c4-418d0a096bb1&#8243; button_text_color=&#8221;#FFFFFF&#8221; button_bg_color=&#8221;#E02B20&#8243; button_border_radius=&#8221;30px&#8221; custom_margin=&#8221;39px||-1px||false|false&#8221; locked=&#8221;off&#8221; global_colors_info=&#8221;{}&#8221;][\/et_pb_button][\/et_pb_column][\/et_pb_row][\/et_pb_section][et_pb_section fb_built=&#8221;1&#8243; admin_label=&#8221;Call to Action&#8221; _builder_version=&#8221;4.21.0&#8243; _module_preset=&#8221;default&#8221; background_color=&#8221;gcid-e787f6e4-87be-4325-83ae-4380ef468485&#8243; custom_padding=&#8221;55px||29px|||&#8221; global_module=&#8221;583&#8243; saved_tabs=&#8221;all&#8221; locked=&#8221;off&#8221; collapsed=&#8221;on&#8221; global_colors_info=&#8221;{%22gcid-e787f6e4-87be-4325-83ae-4380ef468485%22:%91%22background_color%22%93}&#8221;][et_pb_row column_structure=&#8221;1_2,1_2&#8243; _builder_version=&#8221;4.27.4&#8243; _module_preset=&#8221;default&#8221; max_width=&#8221;1026px&#8221; global_colors_info=&#8221;{}&#8221;][et_pb_column type=&#8221;1_2&#8243; _builder_version=&#8221;4.21.0&#8243; _module_preset=&#8221;default&#8221; global_colors_info=&#8221;{}&#8221;][et_pb_text _builder_version=&#8221;4.27.4&#8243; _module_preset=&#8221;45639e16-cfdb-4dd3-be01-af10088d3a13&#8243; header_3_font=&#8221;&#8211;et_global_body_font|700|||||||&#8221; header_3_font_size=&#8221;45px&#8221; text_orientation=&#8221;center&#8221; custom_margin=&#8221;||12px|||&#8221; header_3_font_tablet=&#8221;&#8221; header_3_font_phone=&#8221;&#8211;et_global_heading_font|500|||||||&#8221; header_3_font_last_edited=&#8221;on|desktop&#8221; header_3_font_size_tablet=&#8221;&#8221; header_3_font_size_phone=&#8221;32px&#8221; header_3_font_size_last_edited=&#8221;on|desktop&#8221; locked=&#8221;off&#8221; global_colors_info=&#8221;{}&#8221;]<\/p>\n<h3><span style=\"color: #ffffff;\">Daha fazla bilgi <\/span><span style=\"color: #ffffff;\">ya da <\/span><span style=\"color: #ffffff;\">size \u00f6zel hizmetler i\u00e7in<\/span><\/h3>\n<p>[\/et_pb_text][\/et_pb_column][et_pb_column type=&#8221;1_2&#8243; _builder_version=&#8221;4.21.0&#8243; _module_preset=&#8221;default&#8221; global_colors_info=&#8221;{}&#8221;][et_pb_icon font_icon=&#8221;&#xf40c;||fa||400&#8243; icon_color=&#8221;#FFFFFF&#8221; icon_width=&#8221;120px&#8221; url=&#8221;https:\/\/wa.me\/905320533011?text=Merhaba,%20Hizmetleriniz%20hakk\u0131nda%20daha%20fazla%20bilgi%20alabilir%20miyim?&#8221; url_new_window=&#8221;on&#8221; align=&#8221;left&#8221; align_tablet=&#8221;&#8221; align_phone=&#8221;center&#8221; align_last_edited=&#8221;on|phone&#8221; _builder_version=&#8221;4.27.4&#8243; _module_preset=&#8221;default&#8221; custom_padding=&#8221;4px|||||&#8221; global_colors_info=&#8221;{}&#8221;][\/et_pb_icon][\/et_pb_column][\/et_pb_row][\/et_pb_section][et_pb_section fb_built=&#8221;1&#8243; admin_label=&#8221;Footer&#8221; _builder_version=&#8221;4.27.4&#8243; _module_preset=&#8221;default&#8221; use_background_color_gradient=&#8221;on&#8221; background_color_gradient_stops=&#8221;#231e4f 27%|rgba(255,255,255,0) 100%&#8221; background_color_gradient_overlays_image=&#8221;on&#8221; background_image=&#8221;https:\/\/www.ajansitalya.com\/wp-content\/uploads\/2025\/01\/Toscana-Panorama-2-min.jpg&#8221; min_height=&#8221;588.5px&#8221; custom_padding=&#8221;75px||121px||false|false&#8221; global_module=&#8221;269&#8243; saved_tabs=&#8221;all&#8221; locked=&#8221;off&#8221; collapsed=&#8221;on&#8221; global_colors_info=&#8221;{%22gcid-9735c811-14cd-4d63-8358-8506147896d3%22:%91%22background_color_gradient_stops%22%93}&#8221;][et_pb_row column_structure=&#8221;1_4,1_4,1_4,1_4&#8243; _builder_version=&#8221;4.21.0&#8243; _module_preset=&#8221;default&#8221; custom_margin=&#8221;|auto|0px|auto|false|false&#8221; global_colors_info=&#8221;{}&#8221;][et_pb_column type=&#8221;1_4&#8243; _builder_version=&#8221;4.21.0&#8243; _module_preset=&#8221;default&#8221; global_colors_info=&#8221;{}&#8221;][et_pb_text _builder_version=&#8221;4.27.4&#8243; _module_preset=&#8221;f0aa11c9-f5c0-4377-a9ea-dc16f0531ba6&#8243; text_font_size=&#8221;18px&#8221; header_font_size=&#8221;36px&#8221; header_6_text_color=&#8221;#B5A289&#8243; global_colors_info=&#8221;{}&#8221;]<\/p>\n<h6><span style=\"font-family: 'Abhaya Libre'; font-weight: normal; font-size: xx-large;\">Hizmetler<\/span><\/h6>\n<p>[\/et_pb_text][et_pb_text _builder_version=&#8221;4.27.4&#8243; _dynamic_attributes=&#8221;link_option_url&#8221; _module_preset=&#8221;522d97a3-47f6-4d9f-9564-e0ee08224eb6&#8243; text_text_color=&#8221;#FFFFFF&#8221; link_text_color=&#8221;#FFFFFF&#8221; link_option_url=&#8221;@ET-DC@eyJkeW5hbWljIjp0cnVlLCJjb250ZW50IjoicG9zdF9saW5rX3VybF9wYWdlIiwic2V0dGluZ3MiOnsicG9zdF9pZCI6Ijg0MCJ9fQ==@&#8221; locked=&#8221;off&#8221; global_colors_info=&#8221;{}&#8221;]<\/p>\n<p>Rehberlik Hizmetleri<\/p>\n<p>[\/et_pb_text][et_pb_text _builder_version=&#8221;4.27.4&#8243; _dynamic_attributes=&#8221;link_option_url&#8221; _module_preset=&#8221;522d97a3-47f6-4d9f-9564-e0ee08224eb6&#8243; text_text_color=&#8221;#FFFFFF&#8221; link_text_color=&#8221;#FFFFFF&#8221; link_option_url=&#8221;@ET-DC@eyJkeW5hbWljIjp0cnVlLCJjb250ZW50IjoicG9zdF9saW5rX3VybF9wYWdlIiwic2V0dGluZ3MiOnsicG9zdF9pZCI6IjU0MyJ9fQ==@&#8221; locked=&#8221;off&#8221; global_colors_info=&#8221;{}&#8221;]<\/p>\n<p>Fuar Hizmetleri<\/p>\n<p>[\/et_pb_text][\/et_pb_column][et_pb_column type=&#8221;1_4&#8243; _builder_version=&#8221;4.21.0&#8243; _module_preset=&#8221;default&#8221; global_colors_info=&#8221;{}&#8221;][et_pb_text _builder_version=&#8221;4.27.4&#8243; _module_preset=&#8221;f0aa11c9-f5c0-4377-a9ea-dc16f0531ba6&#8243; text_font_size=&#8221;18px&#8221; header_font_size=&#8221;36px&#8221; header_6_text_color=&#8221;#B5A289&#8243; global_colors_info=&#8221;{}&#8221;]<\/p>\n<h6><span style=\"font-family: 'Abhaya Libre'; font-weight: normal; font-size: xx-large;\">E-Posta<\/span><\/h6>\n<p>[\/et_pb_text][et_pb_text _builder_version=&#8221;4.27.4&#8243; _module_preset=&#8221;522d97a3-47f6-4d9f-9564-e0ee08224eb6&#8243; text_text_color=&#8221;#FFFFFF&#8221; link_text_color=&#8221;#FFFFFF&#8221; custom_margin=&#8221;-3px||0px||false|false&#8221; locked=&#8221;off&#8221; global_colors_info=&#8221;{}&#8221;]<\/p>\n<p><a href=\"mailto:#\">merhaba@ajansitalya.com<\/a><\/p>\n<p>[\/et_pb_text][et_pb_text _builder_version=&#8221;4.27.4&#8243; _module_preset=&#8221;f0aa11c9-f5c0-4377-a9ea-dc16f0531ba6&#8243; header_6_text_color=&#8221;#B5A289&#8243; custom_margin=&#8221;||7px|||&#8221; custom_padding=&#8221;44px|||||&#8221; locked=&#8221;off&#8221; global_colors_info=&#8221;{}&#8221;]<\/p>\n<h6><span style=\"font-family: 'Abhaya Libre'; font-weight: normal; font-size: xx-large;\">Adresler<\/span><\/h6>\n<p>[\/et_pb_text][et_pb_text _builder_version=&#8221;4.27.4&#8243; _module_preset=&#8221;522d97a3-47f6-4d9f-9564-e0ee08224eb6&#8243; text_text_color=&#8221;#FFFFFF&#8221; link_text_color=&#8221;#FFFFFF&#8221; custom_padding=&#8221;0px|||||&#8221; locked=&#8221;off&#8221; global_colors_info=&#8221;{}&#8221;]<\/p>\n<p>Selimiye Hamami Sk. 13\/A<br \/>34668 Uskudar | Istanbul<\/p>\n<p>Via Michele di Lando 79,<br \/>00162 | Rome RM<\/p>\n<p>[\/et_pb_text][\/et_pb_column][et_pb_column type=&#8221;1_4&#8243; _builder_version=&#8221;4.21.0&#8243; _module_preset=&#8221;default&#8221; global_colors_info=&#8221;{}&#8221;][et_pb_text _builder_version=&#8221;4.27.4&#8243; _module_preset=&#8221;f0aa11c9-f5c0-4377-a9ea-dc16f0531ba6&#8243; header_6_text_color=&#8221;#B5A289&#8243; custom_margin=&#8221;||4px|||&#8221; locked=&#8221;off&#8221; global_colors_info=&#8221;{}&#8221;]<\/p>\n<h6><span style=\"font-family: 'Abhaya Libre'; font-weight: normal; font-size: xx-large;\">Bizi Aray\u0131n<\/span><\/h6>\n<p>[\/et_pb_text][et_pb_text _builder_version=&#8221;4.21.0&#8243; _module_preset=&#8221;45639e16-cfdb-4dd3-be01-af10088d3a13&#8243; custom_margin=&#8221;12px||10px||false|false&#8221; locked=&#8221;off&#8221; global_colors_info=&#8221;{}&#8221;]<\/p>\n<h3><span style=\"font-size: x-large; color: #ffffff;\">+90 (532) 053 30 11<\/span><\/h3>\n<p>[\/et_pb_text][et_pb_text _builder_version=&#8221;4.27.4&#8243; _module_preset=&#8221;f0aa11c9-f5c0-4377-a9ea-dc16f0531ba6&#8243; header_6_text_color=&#8221;#B5A289&#8243; custom_margin=&#8221;||4px|||&#8221; locked=&#8221;off&#8221; global_colors_info=&#8221;{}&#8221;]<\/p>\n<h6><span style=\"font-family: 'Abhaya Libre'; font-weight: normal; font-size: xx-large;\"><a href=\"javascript:void(0);\" onclick=\"if(typeof Tawk_API !== 'undefined'){Tawk_API.maximize();}\"><br \/>\nCanl\u0131 Destek<br \/>\n<\/a><\/span><\/h6>\n<p>[\/et_pb_text][\/et_pb_column][et_pb_column type=&#8221;1_4&#8243; _builder_version=&#8221;4.21.0&#8243; _module_preset=&#8221;default&#8221; global_colors_info=&#8221;{}&#8221;][et_pb_text _builder_version=&#8221;4.27.4&#8243; _module_preset=&#8221;f0aa11c9-f5c0-4377-a9ea-dc16f0531ba6&#8243; header_6_text_color=&#8221;#B5A289&#8243; locked=&#8221;off&#8221; global_colors_info=&#8221;{}&#8221;]<\/p>\n<h6><span style=\"font-family: 'Abhaya Libre'; font-weight: normal; font-size: xx-large;\">Takip Edin<\/span><\/h6>\n<p>[\/et_pb_text][et_pb_social_media_follow use_icon_font_size=&#8221;on&#8221; icon_font_size=&#8221;33px&#8221; _builder_version=&#8221;4.27.4&#8243; _module_preset=&#8221;default&#8221; width=&#8221;100%&#8221; custom_padding=&#8221;5px|||||&#8221; global_colors_info=&#8221;{}&#8221;][et_pb_social_media_follow_network social_network=&#8221;instagram&#8221; url=&#8221;http:\/\/instagram.com\/ajansitalya&#8221; _builder_version=&#8221;4.27.4&#8243; _module_preset=&#8221;default&#8221; background_color=&#8221;RGBA(255,255,255,0)&#8221; background_enable_color=&#8221;on&#8221; custom_padding=&#8221;4px|4px|4px|4px|true|true&#8221; border_radii=&#8221;on|100px|100px|100px|100px&#8221; border_width_all=&#8221;1px&#8221; border_color_all=&#8221;#FFFFFF&#8221; global_colors_info=&#8221;{}&#8221; follow_button=&#8221;off&#8221; url_new_window=&#8221;on&#8221;]instagram[\/et_pb_social_media_follow_network][\/et_pb_social_media_follow][\/et_pb_column][\/et_pb_row][\/et_pb_section]<\/p>\n","protected":false},"excerpt":{"rendered":"<p>Profesyonel terc\u00fcmanl\u0131k hizmetinden fuar stand\u0131 hostesleri teminine, g\u00f6rsel tasar\u0131m ve bask\u0131 hizmetlerinden foto\u011fraf ve video prod\u00fcksiyonlar\u0131na ve hatta etkinlik sonras\u0131 ileti\u015fim \u00e7al\u0131\u015fmalar\u0131na kadar be\u015f \u00f6nemli alanda \u00e7\u00f6z\u00fcmler sunuyoruz.<\/p>\n","protected":false},"author":1,"featured_media":371,"parent":57,"menu_order":0,"comment_status":"closed","ping_status":"closed","template":"","meta":{"_et_pb_use_builder":"on","_et_pb_old_content":"","_et_gb_content_width":"","footnotes":""},"class_list":["post-840","page","type-page","status-publish","has-post-thumbnail","hentry"],"_links":{"self":[{"href":"https:\/\/www.ajansitalya.com\/index.php\/wp-json\/wp\/v2\/pages\/840","targetHints":{"allow":["GET"]}}],"collection":[{"href":"https:\/\/www.ajansitalya.com\/index.php\/wp-json\/wp\/v2\/pages"}],"about":[{"href":"https:\/\/www.ajansitalya.com\/index.php\/wp-json\/wp\/v2\/types\/page"}],"author":[{"embeddable":true,"href":"https:\/\/www.ajansitalya.com\/index.php\/wp-json\/wp\/v2\/users\/1"}],"replies":[{"embeddable":true,"href":"https:\/\/www.ajansitalya.com\/index.php\/wp-json\/wp\/v2\/comments?post=840"}],"version-history":[{"count":33,"href":"https:\/\/www.ajansitalya.com\/index.php\/wp-json\/wp\/v2\/pages\/840\/revisions"}],"predecessor-version":[{"id":1336,"href":"https:\/\/www.ajansitalya.com\/index.php\/wp-json\/wp\/v2\/pages\/840\/revisions\/1336"}],"up":[{"embeddable":true,"href":"https:\/\/www.ajansitalya.com\/index.php\/wp-json\/wp\/v2\/pages\/57"}],"wp:featuredmedia":[{"embeddable":true,"href":"https:\/\/www.ajansitalya.com\/index.php\/wp-json\/wp\/v2\/media\/371"}],"wp:attachment":[{"href":"https:\/\/www.ajansitalya.com\/index.php\/wp-json\/wp\/v2\/media?parent=840"}],"curies":[{"name":"wp","href":"https:\/\/api.w.org\/{rel}","templated":true}]}}