{"id":70,"date":"2025-01-02T14:24:30","date_gmt":"2025-01-02T14:24:30","guid":{"rendered":"http:\/\/www.ajansitalya.com\/?page_id=70"},"modified":"2026-01-19T11:31:00","modified_gmt":"2026-01-19T11:31:00","slug":"contact","status":"publish","type":"page","link":"https:\/\/www.ajansitalya.com\/index.php\/contact\/","title":{"rendered":"\u0130leti\u015fim"},"content":{"rendered":"<p>[et_pb_section fb_built=&#8221;1&#8243; admin_label=&#8221;Header &#038; Contact&#8221; _builder_version=&#8221;4.21.0&#8243; _module_preset=&#8221;default&#8221; collapsed=&#8221;on&#8221; global_colors_info=&#8221;{}&#8221;][et_pb_row column_structure=&#8221;1_2,1_2&#8243; _builder_version=&#8221;4.21.0&#8243; _module_preset=&#8221;default&#8221; hover_enabled=&#8221;0&#8243; global_colors_info=&#8221;{}&#8221; sticky_enabled=&#8221;0&#8243;][et_pb_column type=&#8221;1_2&#8243; _builder_version=&#8221;4.21.0&#8243; _module_preset=&#8221;default&#8221; global_colors_info=&#8221;{}&#8221;][et_pb_image src=&#8221;https:\/\/www.ajansitalya.com\/wp-content\/uploads\/2026\/01\/Ajans-Italya-Icon-1366px.png&#8221; title_text=&#8221;Ajans Italya Icon 1366px&#8221; _builder_version=&#8221;4.27.4&#8243; _module_preset=&#8221;default&#8221; hover_enabled=&#8221;0&#8243; global_colors_info=&#8221;{}&#8221; animation_style=&#8221;bounce&#8221; animation_duration=&#8221;1250ms&#8221; sticky_enabled=&#8221;0&#8243;][\/et_pb_image][\/et_pb_column][et_pb_column type=&#8221;1_2&#8243; _builder_version=&#8221;4.21.0&#8243; _module_preset=&#8221;default&#8221; background_color=&#8221;#fcf9f6&#8243; custom_padding=&#8221;40px|40px|40px|40px|true|true&#8221; custom_padding_tablet=&#8221;30px|30px|30px|30px|true|true&#8221; custom_padding_phone=&#8221;20px|20px|20px|20px|true|true&#8221; custom_padding_last_edited=&#8221;on|phone&#8221; global_colors_info=&#8221;{}&#8221;][et_pb_text _builder_version=&#8221;4.27.4&#8243; _module_preset=&#8221;1494fe04-86fe-4a05-bc41-107ca7bfa60b&#8221; header_6_text_color=&#8221;gcid-4a53c4f2-10a4-4df5-aae5-66892dee9e02&#8243; custom_margin=&#8221;||0px||false|false&#8221; custom_padding=&#8221;||0px|||&#8221; locked=&#8221;off&#8221; global_colors_info=&#8221;{%22gcid-4a53c4f2-10a4-4df5-aae5-66892dee9e02%22:%91%22header_6_text_color%22%93}&#8221;]<\/p>\n<h6><span style=\"font-size: x-large; color: #e02b20;\">Telefon &amp; WhatsApp Business<\/span><\/h6>\n<p>[\/et_pb_text][et_pb_text _builder_version=&#8221;4.27.4&#8243; _module_preset=&#8221;7970910e-a479-4c77-ae72-a1298327ac0f&#8221; text_line_height=&#8221;1.8em&#8221; header_3_text_color=&#8221;gcid-a2350b10-418b-42fb-a64f-595e76ef52f3&#8243; header_4_font=&#8221;&#8211;et_global_heading_font||||||||&#8221; header_4_font_size=&#8221;28px&#8221; custom_margin=&#8221;10px||17px|||&#8221; text_font_size_tablet=&#8221;15px&#8221; text_font_size_phone=&#8221;14px&#8221; text_font_size_last_edited=&#8221;on|desktop&#8221; header_4_font_tablet=&#8221;&#8211;et_global_heading_font||||||||&#8221; header_4_font_phone=&#8221;&#8211;et_global_heading_font||||||||&#8221; header_4_font_last_edited=&#8221;on|phone&#8221; header_4_font_size_tablet=&#8221;28px&#8221; header_4_font_size_phone=&#8221;28px&#8221; header_4_font_size_last_edited=&#8221;on|phone&#8221; locked=&#8221;off&#8221; global_colors_info=&#8221;{%22gcid-a2350b10-418b-42fb-a64f-595e76ef52f3%22:%91%22header_3_text_color%22%93}&#8221;]<\/p>\n<h4><span style=\"color: #241f51;\">+90 (532) 053 30 11<\/span><\/h4>\n<p>[\/et_pb_text][et_pb_text _builder_version=&#8221;4.27.4&#8243; _module_preset=&#8221;1494fe04-86fe-4a05-bc41-107ca7bfa60b&#8221; header_6_text_color=&#8221;gcid-4a53c4f2-10a4-4df5-aae5-66892dee9e02&#8243; custom_margin=&#8221;22px||0px||false|false&#8221; custom_padding=&#8221;18px||0px|||&#8221; locked=&#8221;off&#8221; global_colors_info=&#8221;{%22gcid-4a53c4f2-10a4-4df5-aae5-66892dee9e02%22:%91%22header_6_text_color%22%93}&#8221;]<\/p>\n<h6><span style=\"font-size: x-large; color: #e02b20;\">E-Posta<\/span><\/h6>\n<p>[\/et_pb_text][et_pb_text _builder_version=&#8221;4.27.4&#8243; _module_preset=&#8221;f12b1330-90f3-4076-9306-e64bcdf4b182&#8243; text_text_color=&#8221;gcid-a2350b10-418b-42fb-a64f-595e76ef52f3&#8243; link_text_color=&#8221;gcid-a2350b10-418b-42fb-a64f-595e76ef52f3&#8243; custom_margin=&#8221;||26px|||&#8221; custom_padding=&#8221;4px|||||&#8221; link_font_size_tablet=&#8221;15px&#8221; link_font_size_phone=&#8221;14px&#8221; link_font_size_last_edited=&#8221;on|phone&#8221; locked=&#8221;off&#8221; global_colors_info=&#8221;{%22gcid-a2350b10-418b-42fb-a64f-595e76ef52f3%22:%91%22link_text_color%22,%22text_text_color%22%93}&#8221;]<\/p>\n<p><a href=\"#\">merhaba@ajansitalya.com<\/a><\/p>\n<p>[\/et_pb_text][et_pb_text _builder_version=&#8221;4.27.4&#8243; _module_preset=&#8221;1494fe04-86fe-4a05-bc41-107ca7bfa60b&#8221; text_text_color=&#8221;#241f51&#8243; header_6_text_color=&#8221;gcid-4a53c4f2-10a4-4df5-aae5-66892dee9e02&#8243; custom_margin=&#8221;||0px||false|false&#8221; custom_padding=&#8221;1px||5px|||&#8221; locked=&#8221;off&#8221; global_colors_info=&#8221;{%22gcid-4a53c4f2-10a4-4df5-aae5-66892dee9e02%22:%91%22header_6_text_color%22%93}&#8221;]<\/p>\n<h6><span style=\"font-size: x-large; color: #e02b20;\">Adresler<\/span><\/h6>\n<p>[\/et_pb_text][et_pb_text _builder_version=&#8221;4.27.4&#8243; _module_preset=&#8221;f12b1330-90f3-4076-9306-e64bcdf4b182&#8243; text_text_color=&#8221;gcid-a2350b10-418b-42fb-a64f-595e76ef52f3&#8243; link_text_color=&#8221;gcid-a2350b10-418b-42fb-a64f-595e76ef52f3&#8243; custom_margin=&#8221;||10px|||&#8221; locked=&#8221;off&#8221; global_colors_info=&#8221;{%22gcid-a2350b10-418b-42fb-a64f-595e76ef52f3%22:%91%22text_text_color%22,%22link_text_color%22%93}&#8221;]<\/p>\n<p>Selimiye Hamami Sk. 13\/A 34668 Uskudar | Istanbul<\/p>\n<p>[\/et_pb_text][et_pb_text _builder_version=&#8221;4.27.4&#8243; _module_preset=&#8221;f12b1330-90f3-4076-9306-e64bcdf4b182&#8243; text_text_color=&#8221;gcid-a2350b10-418b-42fb-a64f-595e76ef52f3&#8243; link_text_color=&#8221;gcid-a2350b10-418b-42fb-a64f-595e76ef52f3&#8243; custom_margin=&#8221;||14px|||&#8221; custom_padding=&#8221;||11px|||&#8221; locked=&#8221;off&#8221; global_colors_info=&#8221;{%22gcid-a2350b10-418b-42fb-a64f-595e76ef52f3%22:%91%22text_text_color%22,%22link_text_color%22%93}&#8221;]<\/p>\n<p>Via Michele di Lando 79, 00162 | Rome RM<\/p>\n<p>[\/et_pb_text][et_pb_text _builder_version=&#8221;4.27.4&#8243; _module_preset=&#8221;1494fe04-86fe-4a05-bc41-107ca7bfa60b&#8221; header_6_text_color=&#8221;gcid-4a53c4f2-10a4-4df5-aae5-66892dee9e02&#8243; custom_margin=&#8221;4px||-19px||false|false&#8221; custom_padding=&#8221;0px||0px|||&#8221; locked=&#8221;off&#8221; global_colors_info=&#8221;{%22gcid-4a53c4f2-10a4-4df5-aae5-66892dee9e02%22:%91%22header_6_text_color%22%93}&#8221;]<\/p>\n<h6><span style=\"font-size: x-large; color: #e02b20;\"><a onclick=\"if(typeof Tawk_API !== 'undefined'){Tawk_API.maximize();}\"><br \/>\n<span style=\"color: #20840a;\">Canl\u0131 Destek \u0130\u00e7in T\u0131klay\u0131n\u0131z<\/span><br \/>\n<\/a><br \/>\n<\/span><\/h6>\n<p>[\/et_pb_text][\/et_pb_column][\/et_pb_row][\/et_pb_section][et_pb_section fb_built=&#8221;1&#8243; admin_label=&#8221;Footer&#8221; _builder_version=&#8221;4.27.4&#8243; _module_preset=&#8221;default&#8221; use_background_color_gradient=&#8221;on&#8221; background_color_gradient_stops=&#8221;#231e4f 27%|rgba(255,255,255,0) 100%&#8221; background_color_gradient_overlays_image=&#8221;on&#8221; background_image=&#8221;https:\/\/www.ajansitalya.com\/wp-content\/uploads\/2025\/01\/Toscana-Panorama-2-min.jpg&#8221; min_height=&#8221;588.5px&#8221; custom_padding=&#8221;75px||121px||false|false&#8221; global_module=&#8221;269&#8243; saved_tabs=&#8221;all&#8221; locked=&#8221;off&#8221; collapsed=&#8221;on&#8221; global_colors_info=&#8221;{%22gcid-9735c811-14cd-4d63-8358-8506147896d3%22:%91%22background_color_gradient_stops%22%93}&#8221;][et_pb_row column_structure=&#8221;1_4,1_4,1_4,1_4&#8243; _builder_version=&#8221;4.21.0&#8243; _module_preset=&#8221;default&#8221; custom_margin=&#8221;|auto|0px|auto|false|false&#8221; global_colors_info=&#8221;{}&#8221;][et_pb_column type=&#8221;1_4&#8243; _builder_version=&#8221;4.21.0&#8243; _module_preset=&#8221;default&#8221; global_colors_info=&#8221;{}&#8221;][et_pb_text _builder_version=&#8221;4.27.4&#8243; _module_preset=&#8221;f0aa11c9-f5c0-4377-a9ea-dc16f0531ba6&#8243; text_font_size=&#8221;18px&#8221; header_font_size=&#8221;36px&#8221; header_6_text_color=&#8221;#B5A289&#8243; global_colors_info=&#8221;{}&#8221;]<\/p>\n<h6><span style=\"font-family: 'Abhaya Libre'; font-weight: normal; font-size: xx-large;\">Hizmetler<\/span><\/h6>\n<p>[\/et_pb_text][et_pb_text _builder_version=&#8221;4.27.4&#8243; _dynamic_attributes=&#8221;link_option_url&#8221; _module_preset=&#8221;522d97a3-47f6-4d9f-9564-e0ee08224eb6&#8243; text_text_color=&#8221;#FFFFFF&#8221; link_text_color=&#8221;#FFFFFF&#8221; link_option_url=&#8221;@ET-DC@eyJkeW5hbWljIjp0cnVlLCJjb250ZW50IjoicG9zdF9saW5rX3VybF9wYWdlIiwic2V0dGluZ3MiOnsicG9zdF9pZCI6Ijg0MCJ9fQ==@&#8221; locked=&#8221;off&#8221; global_colors_info=&#8221;{}&#8221;]<\/p>\n<p>Rehberlik Hizmetleri<\/p>\n<p>[\/et_pb_text][et_pb_text _builder_version=&#8221;4.27.4&#8243; _dynamic_attributes=&#8221;link_option_url&#8221; _module_preset=&#8221;522d97a3-47f6-4d9f-9564-e0ee08224eb6&#8243; text_text_color=&#8221;#FFFFFF&#8221; link_text_color=&#8221;#FFFFFF&#8221; link_option_url=&#8221;@ET-DC@eyJkeW5hbWljIjp0cnVlLCJjb250ZW50IjoicG9zdF9saW5rX3VybF9wYWdlIiwic2V0dGluZ3MiOnsicG9zdF9pZCI6IjU0MyJ9fQ==@&#8221; locked=&#8221;off&#8221; global_colors_info=&#8221;{}&#8221;]<\/p>\n<p>Fuar Hizmetleri<\/p>\n<p>[\/et_pb_text][\/et_pb_column][et_pb_column type=&#8221;1_4&#8243; _builder_version=&#8221;4.21.0&#8243; _module_preset=&#8221;default&#8221; global_colors_info=&#8221;{}&#8221;][et_pb_text _builder_version=&#8221;4.27.4&#8243; _module_preset=&#8221;f0aa11c9-f5c0-4377-a9ea-dc16f0531ba6&#8243; text_font_size=&#8221;18px&#8221; header_font_size=&#8221;36px&#8221; header_6_text_color=&#8221;#B5A289&#8243; global_colors_info=&#8221;{}&#8221;]<\/p>\n<h6><span style=\"font-family: 'Abhaya Libre'; font-weight: normal; font-size: xx-large;\">E-Posta<\/span><\/h6>\n<p>[\/et_pb_text][et_pb_text _builder_version=&#8221;4.27.4&#8243; _module_preset=&#8221;522d97a3-47f6-4d9f-9564-e0ee08224eb6&#8243; text_text_color=&#8221;#FFFFFF&#8221; link_text_color=&#8221;#FFFFFF&#8221; custom_margin=&#8221;-3px||0px||false|false&#8221; locked=&#8221;off&#8221; global_colors_info=&#8221;{}&#8221;]<\/p>\n<p><a href=\"mailto:#\">merhaba@ajansitalya.com<\/a><\/p>\n<p>[\/et_pb_text][et_pb_text _builder_version=&#8221;4.27.4&#8243; _module_preset=&#8221;f0aa11c9-f5c0-4377-a9ea-dc16f0531ba6&#8243; header_6_text_color=&#8221;#B5A289&#8243; custom_margin=&#8221;||7px|||&#8221; custom_padding=&#8221;44px|||||&#8221; locked=&#8221;off&#8221; global_colors_info=&#8221;{}&#8221;]<\/p>\n<h6><span style=\"font-family: 'Abhaya Libre'; font-weight: normal; font-size: xx-large;\">Adresler<\/span><\/h6>\n<p>[\/et_pb_text][et_pb_text _builder_version=&#8221;4.27.4&#8243; _module_preset=&#8221;522d97a3-47f6-4d9f-9564-e0ee08224eb6&#8243; text_text_color=&#8221;#FFFFFF&#8221; link_text_color=&#8221;#FFFFFF&#8221; custom_padding=&#8221;0px|||||&#8221; locked=&#8221;off&#8221; global_colors_info=&#8221;{}&#8221;]<\/p>\n<p>Selimiye Hamami Sk. 13\/A<br \/>34668 Uskudar | Istanbul<\/p>\n<p>Via Michele di Lando 79,<br \/>00162 | Rome RM<\/p>\n<p>[\/et_pb_text][\/et_pb_column][et_pb_column type=&#8221;1_4&#8243; _builder_version=&#8221;4.21.0&#8243; _module_preset=&#8221;default&#8221; global_colors_info=&#8221;{}&#8221;][et_pb_text _builder_version=&#8221;4.27.4&#8243; _module_preset=&#8221;f0aa11c9-f5c0-4377-a9ea-dc16f0531ba6&#8243; header_6_text_color=&#8221;#B5A289&#8243; custom_margin=&#8221;||4px|||&#8221; locked=&#8221;off&#8221; global_colors_info=&#8221;{}&#8221;]<\/p>\n<h6><span style=\"font-family: 'Abhaya Libre'; font-weight: normal; font-size: xx-large;\">Bizi Aray\u0131n<\/span><\/h6>\n<p>[\/et_pb_text][et_pb_text _builder_version=&#8221;4.21.0&#8243; _module_preset=&#8221;45639e16-cfdb-4dd3-be01-af10088d3a13&#8243; custom_margin=&#8221;12px||10px||false|false&#8221; locked=&#8221;off&#8221; global_colors_info=&#8221;{}&#8221;]<\/p>\n<h3><span style=\"font-size: x-large; color: #ffffff;\">+90 (532) 053 30 11<\/span><\/h3>\n<p>[\/et_pb_text][et_pb_text _builder_version=&#8221;4.27.4&#8243; _dynamic_attributes=&#8221;link_option_url&#8221; _module_preset=&#8221;f0aa11c9-f5c0-4377-a9ea-dc16f0531ba6&#8243; text_text_color=&#8221;#FFFFFF&#8221; header_6_text_color=&#8221;#B5A289&#8243; custom_margin=&#8221;-20px||7px|||&#8221; custom_padding=&#8221;0px|||||&#8221; link_option_url=&#8221;@ET-DC@eyJkeW5hbWljIjp0cnVlLCJjb250ZW50IjoicG9zdF9saW5rX3VybF9wYWdlIiwic2V0dGluZ3MiOnsicG9zdF9pZCI6IjExMjkifX0=@&#8221; locked=&#8221;off&#8221; global_colors_info=&#8221;{}&#8221;]<\/p>\n<p>Bizimle \u00c7al\u0131\u015f\u0131n<\/p>\n<p>[\/et_pb_text][et_pb_text _builder_version=&#8221;4.27.4&#8243; _module_preset=&#8221;f0aa11c9-f5c0-4377-a9ea-dc16f0531ba6&#8243; text_text_color=&#8221;#FFFFFF&#8221; header_6_text_color=&#8221;#B5A289&#8243; custom_margin=&#8221;-20px||7px|||&#8221; custom_padding=&#8221;12px|||||&#8221; locked=&#8221;off&#8221; global_colors_info=&#8221;{}&#8221;]<\/p>\n<h6><span style=\"font-family: 'Abhaya Libre'; font-weight: normal; font-size: xx-large;\"><a href=\"javascript:void(0);\" onclick=\"if(typeof Tawk_API !== 'undefined'){Tawk_API.maximize();}\"><br \/>\nCanl\u0131 Destek<br \/>\n<\/a><\/span><\/h6>\n<p>[\/et_pb_text][\/et_pb_column][et_pb_column type=&#8221;1_4&#8243; _builder_version=&#8221;4.21.0&#8243; _module_preset=&#8221;default&#8221; global_colors_info=&#8221;{}&#8221;][et_pb_text _builder_version=&#8221;4.27.4&#8243; _module_preset=&#8221;f0aa11c9-f5c0-4377-a9ea-dc16f0531ba6&#8243; header_6_text_color=&#8221;#B5A289&#8243; locked=&#8221;off&#8221; global_colors_info=&#8221;{}&#8221;]<\/p>\n<h6><span style=\"font-family: 'Abhaya Libre'; font-weight: normal; font-size: xx-large;\">Takip Edin<\/span><\/h6>\n<p>[\/et_pb_text][et_pb_social_media_follow use_icon_font_size=&#8221;on&#8221; icon_font_size=&#8221;33px&#8221; _builder_version=&#8221;4.27.4&#8243; _module_preset=&#8221;default&#8221; width=&#8221;100%&#8221; custom_padding=&#8221;5px|||||&#8221; global_colors_info=&#8221;{}&#8221;][et_pb_social_media_follow_network social_network=&#8221;instagram&#8221; url=&#8221;http:\/\/instagram.com\/ajansitalya&#8221; _builder_version=&#8221;4.27.4&#8243; _module_preset=&#8221;default&#8221; background_color=&#8221;RGBA(255,255,255,0)&#8221; background_enable_color=&#8221;on&#8221; custom_padding=&#8221;4px|4px|4px|4px|true|true&#8221; border_radii=&#8221;on|100px|100px|100px|100px&#8221; border_width_all=&#8221;1px&#8221; border_color_all=&#8221;#FFFFFF&#8221; global_colors_info=&#8221;{}&#8221; follow_button=&#8221;off&#8221; url_new_window=&#8221;on&#8221;]instagram[\/et_pb_social_media_follow_network][\/et_pb_social_media_follow][\/et_pb_column][\/et_pb_row][\/et_pb_section]<\/p>\n","protected":false},"excerpt":{"rendered":"<p>Telefon &amp; WhatsApp Business+90 (532) 053 30 11E-Postamerhaba@ajansitalya.comAdreslerSelimiye Hamami Sk. 13\/A 34668 Uskudar | IstanbulVia Michele di Lando 79, 00162 | Rome RM Canl\u0131 Destek \u0130\u00e7in T\u0131klay\u0131n\u0131z HizmetlerRehberlik HizmetleriFuar HizmetleriE-Postamerhaba@ajansitalya.comAdreslerSelimiye Hamami Sk. 13\/A34668 Uskudar | Istanbul Via Michele di Lando 79,00162 | Rome RMBizi Aray\u0131n+90 (532) 053 30 11Bizimle \u00c7al\u0131\u015f\u0131n Canl\u0131 Destek Takip Edin<\/p>\n","protected":false},"author":1,"featured_media":0,"parent":0,"menu_order":0,"comment_status":"closed","ping_status":"closed","template":"","meta":{"_et_pb_use_builder":"on","_et_pb_old_content":"","_et_gb_content_width":"","footnotes":""},"class_list":["post-70","page","type-page","status-publish","hentry"],"_links":{"self":[{"href":"https:\/\/www.ajansitalya.com\/index.php\/wp-json\/wp\/v2\/pages\/70","targetHints":{"allow":["GET"]}}],"collection":[{"href":"https:\/\/www.ajansitalya.com\/index.php\/wp-json\/wp\/v2\/pages"}],"about":[{"href":"https:\/\/www.ajansitalya.com\/index.php\/wp-json\/wp\/v2\/types\/page"}],"author":[{"embeddable":true,"href":"https:\/\/www.ajansitalya.com\/index.php\/wp-json\/wp\/v2\/users\/1"}],"replies":[{"embeddable":true,"href":"https:\/\/www.ajansitalya.com\/index.php\/wp-json\/wp\/v2\/comments?post=70"}],"version-history":[{"count":33,"href":"https:\/\/www.ajansitalya.com\/index.php\/wp-json\/wp\/v2\/pages\/70\/revisions"}],"predecessor-version":[{"id":1291,"href":"https:\/\/www.ajansitalya.com\/index.php\/wp-json\/wp\/v2\/pages\/70\/revisions\/1291"}],"wp:attachment":[{"href":"https:\/\/www.ajansitalya.com\/index.php\/wp-json\/wp\/v2\/media?parent=70"}],"curies":[{"name":"wp","href":"https:\/\/api.w.org\/{rel}","templated":true}]}}