{"id":1191,"date":"2026-01-17T19:12:27","date_gmt":"2026-01-17T19:12:27","guid":{"rendered":"https:\/\/www.ajansitalya.com\/?page_id=1191"},"modified":"2026-03-02T14:54:10","modified_gmt":"2026-03-02T14:54:10","slug":"basvuru-formu","status":"publish","type":"page","link":"https:\/\/www.ajansitalya.com\/index.php\/basvuru-formu\/","title":{"rendered":"Ba\u015fvuru Formu"},"content":{"rendered":"<p>[et_pb_section fb_built=&#8221;1&#8243; admin_label=&#8221;Header&#8221; _builder_version=&#8221;4.27.4&#8243; _module_preset=&#8221;default&#8221; background_color=&#8221;#a39a78&#8243; use_background_color_gradient=&#8221;on&#8221; background_color_gradient_stops=&#8221;#a39a78 100%|#29c4a9 100%&#8221; background_image=&#8221;https:\/\/www.ajansitalya.com\/wp-content\/uploads\/2026\/01\/16.jpg&#8221; background_blend=&#8221;multiply&#8221; custom_padding=&#8221;42px||12px||false|false&#8221; animation_style=&#8221;bounce&#8221; animation_direction=&#8221;right&#8221; locked=&#8221;off&#8221; collapsed=&#8221;on&#8221; global_colors_info=&#8221;{}&#8221; background__hover_enabled=&#8221;off|desktop&#8221;][et_pb_row _builder_version=&#8221;4.27.4&#8243; _module_preset=&#8221;default&#8221; custom_padding=&#8221;||35px|||&#8221; global_colors_info=&#8221;{}&#8221;][et_pb_column type=&#8221;4_4&#8243; _builder_version=&#8221;4.21.0&#8243; _module_preset=&#8221;default&#8221; global_colors_info=&#8221;{}&#8221;][et_pb_text _builder_version=&#8221;4.27.4&#8243; _module_preset=&#8221;1341393d-6505-47e5-88c1-9bf8c70cce91&#8243; text_text_color=&#8221;#FFFFFF&#8221; header_2_font=&#8221;&#8211;et_global_body_font||||||||&#8221; custom_margin=&#8221;||13px|||&#8221; custom_padding=&#8221;10px|||||&#8221; header_2_font_size_tablet=&#8221;&#8221; header_2_font_size_phone=&#8221;30px&#8221; header_2_font_size_last_edited=&#8221;on|phone&#8221; text_text_shadow_style=&#8221;preset3&#8243; text_text_shadow_horizontal_length=&#8221;0.2em&#8221; text_text_shadow_vertical_length=&#8221;0.2em&#8221; text_text_shadow_color=&#8221;rgba(51,39,0,0.8)&#8221; locked=&#8221;off&#8221; global_colors_info=&#8221;{}&#8221;]<\/p>\n<h2><span style=\"color: #ffffff;\">Ba\u015fvuru Formu<\/span><\/h2>\n<p>[\/et_pb_text][et_pb_text _builder_version=&#8221;4.27.4&#8243; _module_preset=&#8221;5f587506-b060-4dc8-a9cb-fe94e6f9f559&#8243; custom_margin=&#8221;||8px|||&#8221; custom_padding=&#8221;0px||0px|||&#8221; text_text_shadow_style=&#8221;preset3&#8243; text_text_shadow_horizontal_length=&#8221;0.2em&#8221; text_text_shadow_vertical_length=&#8221;0.2em&#8221; text_text_shadow_color=&#8221;#473102&#8243; locked=&#8221;off&#8221; global_colors_info=&#8221;{}&#8221;]<\/p>\n<p><span style=\"font-size: x-large; color: #ffffff;\">\u0130talya&#8217;da ya\u015f\u0131yor ve Turist Rehberi, Tur Lideri, Terc\u00fcman, Fuar Eleman\u0131, Etkinlik Eleman\u0131 ya da G\u00f6r\u00fcnt\u00fc Y\u00f6netmeni olarak bizimle \u00e7al\u0131\u015fmak istiyorsan\u0131z, l\u00fctfen a\u015fa\u011f\u0131daki formu doldurun.<\/span><\/p>\n<p><span style=\"font-size: large;\"><\/span><\/p>\n<p>[\/et_pb_text][\/et_pb_column][\/et_pb_row][\/et_pb_section][et_pb_section fb_built=&#8221;1&#8243; admin_label=&#8221;Course Overview&#8221; _builder_version=&#8221;4.21.0&#8243; _module_preset=&#8221;default&#8221; background_enable_color=&#8221;off&#8221; custom_padding=&#8221;30px||27px|||&#8221; locked=&#8221;off&#8221; collapsed=&#8221;on&#8221; global_colors_info=&#8221;{}&#8221;][et_pb_row _builder_version=&#8221;4.27.4&#8243; _module_preset=&#8221;default&#8221; custom_margin=&#8221;-9px|auto||auto||&#8221; custom_padding=&#8221;12px|||||&#8221; global_colors_info=&#8221;{}&#8221;][et_pb_column type=&#8221;4_4&#8243; _builder_version=&#8221;4.27.4&#8243; _module_preset=&#8221;default&#8221; global_colors_info=&#8221;{}&#8221;][wpforms_selector form_id=&#8221;1212&#8243; _builder_version=&#8221;4.27.4&#8243; _module_preset=&#8221;default&#8221; module_alignment=&#8221;center&#8221; global_colors_info=&#8221;{}&#8221;][\/wpforms_selector][\/et_pb_column][\/et_pb_row][\/et_pb_section][et_pb_section fb_built=&#8221;1&#8243; admin_label=&#8221;Call to Action&#8221; _builder_version=&#8221;4.21.0&#8243; _module_preset=&#8221;default&#8221; background_color=&#8221;gcid-e787f6e4-87be-4325-83ae-4380ef468485&#8243; custom_padding=&#8221;55px||29px|||&#8221; global_module=&#8221;583&#8243; saved_tabs=&#8221;all&#8221; locked=&#8221;off&#8221; collapsed=&#8221;on&#8221; global_colors_info=&#8221;{%22gcid-e787f6e4-87be-4325-83ae-4380ef468485%22:%91%22background_color%22%93}&#8221;][et_pb_row column_structure=&#8221;1_2,1_2&#8243; _builder_version=&#8221;4.27.4&#8243; _module_preset=&#8221;default&#8221; max_width=&#8221;1026px&#8221; global_colors_info=&#8221;{}&#8221;][et_pb_column type=&#8221;1_2&#8243; _builder_version=&#8221;4.21.0&#8243; _module_preset=&#8221;default&#8221; global_colors_info=&#8221;{}&#8221;][et_pb_text _builder_version=&#8221;4.27.4&#8243; _module_preset=&#8221;45639e16-cfdb-4dd3-be01-af10088d3a13&#8243; header_3_font=&#8221;&#8211;et_global_body_font|700|||||||&#8221; header_3_font_size=&#8221;45px&#8221; text_orientation=&#8221;center&#8221; custom_margin=&#8221;||12px|||&#8221; header_3_font_tablet=&#8221;&#8221; header_3_font_phone=&#8221;&#8211;et_global_heading_font|500|||||||&#8221; header_3_font_last_edited=&#8221;on|desktop&#8221; header_3_font_size_tablet=&#8221;&#8221; header_3_font_size_phone=&#8221;32px&#8221; header_3_font_size_last_edited=&#8221;on|desktop&#8221; locked=&#8221;off&#8221; global_colors_info=&#8221;{}&#8221;]<\/p>\n<h3><span style=\"color: #ffffff;\">Daha fazla bilgi <\/span><span style=\"color: #ffffff;\">ya da <\/span><span style=\"color: #ffffff;\">size \u00f6zel hizmetler i\u00e7in<\/span><\/h3>\n<p>[\/et_pb_text][\/et_pb_column][et_pb_column type=&#8221;1_2&#8243; _builder_version=&#8221;4.21.0&#8243; _module_preset=&#8221;default&#8221; global_colors_info=&#8221;{}&#8221;][et_pb_icon font_icon=&#8221;&#xf40c;||fa||400&#8243; icon_color=&#8221;#FFFFFF&#8221; icon_width=&#8221;120px&#8221; url=&#8221;https:\/\/wa.me\/905320533011?text=Merhaba,%20Hizmetleriniz%20hakk\u0131nda%20daha%20fazla%20bilgi%20alabilir%20miyim?&#8221; url_new_window=&#8221;on&#8221; align=&#8221;left&#8221; align_tablet=&#8221;&#8221; align_phone=&#8221;center&#8221; align_last_edited=&#8221;on|phone&#8221; _builder_version=&#8221;4.27.4&#8243; _module_preset=&#8221;default&#8221; custom_padding=&#8221;4px|||||&#8221; global_colors_info=&#8221;{}&#8221;][\/et_pb_icon][\/et_pb_column][\/et_pb_row][\/et_pb_section][et_pb_section fb_built=&#8221;1&#8243; admin_label=&#8221;Footer&#8221; _builder_version=&#8221;4.27.4&#8243; _module_preset=&#8221;default&#8221; use_background_color_gradient=&#8221;on&#8221; background_color_gradient_stops=&#8221;#231e4f 27%|rgba(255,255,255,0) 100%&#8221; background_color_gradient_overlays_image=&#8221;on&#8221; background_image=&#8221;https:\/\/www.ajansitalya.com\/wp-content\/uploads\/2025\/01\/Toscana-Panorama-2-min.jpg&#8221; min_height=&#8221;588.5px&#8221; custom_padding=&#8221;75px||121px||false|false&#8221; global_module=&#8221;269&#8243; saved_tabs=&#8221;all&#8221; locked=&#8221;off&#8221; collapsed=&#8221;on&#8221; global_colors_info=&#8221;{%22gcid-9735c811-14cd-4d63-8358-8506147896d3%22:%91%22background_color_gradient_stops%22%93}&#8221;][et_pb_row column_structure=&#8221;1_4,1_4,1_4,1_4&#8243; _builder_version=&#8221;4.21.0&#8243; _module_preset=&#8221;default&#8221; custom_margin=&#8221;|auto|0px|auto|false|false&#8221; global_colors_info=&#8221;{}&#8221;][et_pb_column type=&#8221;1_4&#8243; _builder_version=&#8221;4.21.0&#8243; _module_preset=&#8221;default&#8221; global_colors_info=&#8221;{}&#8221;][et_pb_text _builder_version=&#8221;4.27.4&#8243; _module_preset=&#8221;f0aa11c9-f5c0-4377-a9ea-dc16f0531ba6&#8243; text_font_size=&#8221;18px&#8221; header_font_size=&#8221;36px&#8221; header_6_text_color=&#8221;#B5A289&#8243; global_colors_info=&#8221;{}&#8221;]<\/p>\n<h6><span style=\"font-family: 'Abhaya Libre'; font-weight: normal; font-size: xx-large;\">Hizmetler<\/span><\/h6>\n<p>[\/et_pb_text][et_pb_text _builder_version=&#8221;4.27.4&#8243; _dynamic_attributes=&#8221;link_option_url&#8221; _module_preset=&#8221;522d97a3-47f6-4d9f-9564-e0ee08224eb6&#8243; text_text_color=&#8221;#FFFFFF&#8221; link_text_color=&#8221;#FFFFFF&#8221; link_option_url=&#8221;@ET-DC@eyJkeW5hbWljIjp0cnVlLCJjb250ZW50IjoicG9zdF9saW5rX3VybF9wYWdlIiwic2V0dGluZ3MiOnsicG9zdF9pZCI6Ijg0MCJ9fQ==@&#8221; locked=&#8221;off&#8221; global_colors_info=&#8221;{}&#8221;]<\/p>\n<p>Rehberlik Hizmetleri<\/p>\n<p>[\/et_pb_text][et_pb_text _builder_version=&#8221;4.27.4&#8243; _dynamic_attributes=&#8221;link_option_url&#8221; _module_preset=&#8221;522d97a3-47f6-4d9f-9564-e0ee08224eb6&#8243; text_text_color=&#8221;#FFFFFF&#8221; link_text_color=&#8221;#FFFFFF&#8221; link_option_url=&#8221;@ET-DC@eyJkeW5hbWljIjp0cnVlLCJjb250ZW50IjoicG9zdF9saW5rX3VybF9wYWdlIiwic2V0dGluZ3MiOnsicG9zdF9pZCI6IjU0MyJ9fQ==@&#8221; locked=&#8221;off&#8221; global_colors_info=&#8221;{}&#8221;]<\/p>\n<p>Fuar Hizmetleri<\/p>\n<p>[\/et_pb_text][\/et_pb_column][et_pb_column type=&#8221;1_4&#8243; _builder_version=&#8221;4.21.0&#8243; _module_preset=&#8221;default&#8221; global_colors_info=&#8221;{}&#8221;][et_pb_text _builder_version=&#8221;4.27.4&#8243; _module_preset=&#8221;f0aa11c9-f5c0-4377-a9ea-dc16f0531ba6&#8243; text_font_size=&#8221;18px&#8221; header_font_size=&#8221;36px&#8221; header_6_text_color=&#8221;#B5A289&#8243; global_colors_info=&#8221;{}&#8221;]<\/p>\n<h6><span style=\"font-family: 'Abhaya Libre'; font-weight: normal; font-size: xx-large;\">E-Posta<\/span><\/h6>\n<p>[\/et_pb_text][et_pb_text _builder_version=&#8221;4.27.4&#8243; _module_preset=&#8221;522d97a3-47f6-4d9f-9564-e0ee08224eb6&#8243; text_text_color=&#8221;#FFFFFF&#8221; link_text_color=&#8221;#FFFFFF&#8221; custom_margin=&#8221;-3px||0px||false|false&#8221; locked=&#8221;off&#8221; global_colors_info=&#8221;{}&#8221;]<\/p>\n<p><a href=\"mailto:#\">merhaba@ajansitalya.com<\/a><\/p>\n<p>[\/et_pb_text][et_pb_text _builder_version=&#8221;4.27.4&#8243; _module_preset=&#8221;f0aa11c9-f5c0-4377-a9ea-dc16f0531ba6&#8243; header_6_text_color=&#8221;#B5A289&#8243; custom_margin=&#8221;||7px|||&#8221; custom_padding=&#8221;44px|||||&#8221; locked=&#8221;off&#8221; global_colors_info=&#8221;{}&#8221;]<\/p>\n<h6><span style=\"font-family: 'Abhaya Libre'; font-weight: normal; font-size: xx-large;\">Adresler<\/span><\/h6>\n<p>[\/et_pb_text][et_pb_text _builder_version=&#8221;4.27.4&#8243; _module_preset=&#8221;522d97a3-47f6-4d9f-9564-e0ee08224eb6&#8243; text_text_color=&#8221;#FFFFFF&#8221; link_text_color=&#8221;#FFFFFF&#8221; custom_padding=&#8221;0px|||||&#8221; locked=&#8221;off&#8221; global_colors_info=&#8221;{}&#8221;]<\/p>\n<p>Selimiye Hamami Sk. 13\/A<br \/>34668 Uskudar | Istanbul<\/p>\n<p>Via Michele di Lando 79,<br \/>00162 | Rome RM<\/p>\n<p>[\/et_pb_text][\/et_pb_column][et_pb_column type=&#8221;1_4&#8243; _builder_version=&#8221;4.21.0&#8243; _module_preset=&#8221;default&#8221; global_colors_info=&#8221;{}&#8221;][et_pb_text _builder_version=&#8221;4.27.4&#8243; _module_preset=&#8221;f0aa11c9-f5c0-4377-a9ea-dc16f0531ba6&#8243; header_6_text_color=&#8221;#B5A289&#8243; custom_margin=&#8221;||4px|||&#8221; locked=&#8221;off&#8221; global_colors_info=&#8221;{}&#8221;]<\/p>\n<h6><span style=\"font-family: 'Abhaya Libre'; font-weight: normal; font-size: xx-large;\">Bizi Aray\u0131n<\/span><\/h6>\n<p>[\/et_pb_text][et_pb_text _builder_version=&#8221;4.21.0&#8243; _module_preset=&#8221;45639e16-cfdb-4dd3-be01-af10088d3a13&#8243; custom_margin=&#8221;12px||10px||false|false&#8221; locked=&#8221;off&#8221; global_colors_info=&#8221;{}&#8221;]<\/p>\n<h3><span style=\"font-size: x-large; color: #ffffff;\">+90 (532) 053 30 11<\/span><\/h3>\n<p>[\/et_pb_text][et_pb_text _builder_version=&#8221;4.27.4&#8243; _module_preset=&#8221;f0aa11c9-f5c0-4377-a9ea-dc16f0531ba6&#8243; header_6_text_color=&#8221;#B5A289&#8243; custom_margin=&#8221;||4px|||&#8221; locked=&#8221;off&#8221; global_colors_info=&#8221;{}&#8221;]<\/p>\n<h6><span style=\"font-family: 'Abhaya Libre'; font-weight: normal; font-size: xx-large;\"><a href=\"javascript:void(0);\" onclick=\"if(typeof Tawk_API !== 'undefined'){Tawk_API.maximize();}\"><br \/>\nCanl\u0131 Destek<br \/>\n<\/a><\/span><\/h6>\n<p>[\/et_pb_text][\/et_pb_column][et_pb_column type=&#8221;1_4&#8243; _builder_version=&#8221;4.21.0&#8243; _module_preset=&#8221;default&#8221; global_colors_info=&#8221;{}&#8221;][et_pb_text _builder_version=&#8221;4.27.4&#8243; _module_preset=&#8221;f0aa11c9-f5c0-4377-a9ea-dc16f0531ba6&#8243; header_6_text_color=&#8221;#B5A289&#8243; locked=&#8221;off&#8221; global_colors_info=&#8221;{}&#8221;]<\/p>\n<h6><span style=\"font-family: 'Abhaya Libre'; font-weight: normal; font-size: xx-large;\">Takip Edin<\/span><\/h6>\n<p>[\/et_pb_text][et_pb_social_media_follow use_icon_font_size=&#8221;on&#8221; icon_font_size=&#8221;33px&#8221; _builder_version=&#8221;4.27.4&#8243; _module_preset=&#8221;default&#8221; width=&#8221;100%&#8221; custom_padding=&#8221;5px|||||&#8221; global_colors_info=&#8221;{}&#8221;][et_pb_social_media_follow_network social_network=&#8221;instagram&#8221; url=&#8221;http:\/\/instagram.com\/ajansitalya&#8221; _builder_version=&#8221;4.27.4&#8243; _module_preset=&#8221;default&#8221; background_color=&#8221;RGBA(255,255,255,0)&#8221; background_enable_color=&#8221;on&#8221; custom_padding=&#8221;4px|4px|4px|4px|true|true&#8221; border_radii=&#8221;on|100px|100px|100px|100px&#8221; border_width_all=&#8221;1px&#8221; border_color_all=&#8221;#FFFFFF&#8221; global_colors_info=&#8221;{}&#8221; follow_button=&#8221;off&#8221; url_new_window=&#8221;on&#8221;]instagram[\/et_pb_social_media_follow_network][\/et_pb_social_media_follow][\/et_pb_column][\/et_pb_row][\/et_pb_section]<\/p>\n","protected":false},"excerpt":{"rendered":"<p>\u0130talya&#8217;da ya\u015fayan Turist Rehberleri, Tur Operasyon Elemanlar\u0131, Terc\u00fcmanlar, Fuar Stand Elemanlar\u0131 ve G\u00f6r\u00fcnt\u00fc Y\u00f6netmenleri Ar\u0131yoruz. <\/p>\n","protected":false},"author":1,"featured_media":1253,"parent":0,"menu_order":0,"comment_status":"closed","ping_status":"closed","template":"","meta":{"_et_pb_use_builder":"on","_et_pb_old_content":"","_et_gb_content_width":"","footnotes":""},"class_list":["post-1191","page","type-page","status-publish","has-post-thumbnail","hentry"],"_links":{"self":[{"href":"https:\/\/www.ajansitalya.com\/index.php\/wp-json\/wp\/v2\/pages\/1191","targetHints":{"allow":["GET"]}}],"collection":[{"href":"https:\/\/www.ajansitalya.com\/index.php\/wp-json\/wp\/v2\/pages"}],"about":[{"href":"https:\/\/www.ajansitalya.com\/index.php\/wp-json\/wp\/v2\/types\/page"}],"author":[{"embeddable":true,"href":"https:\/\/www.ajansitalya.com\/index.php\/wp-json\/wp\/v2\/users\/1"}],"replies":[{"embeddable":true,"href":"https:\/\/www.ajansitalya.com\/index.php\/wp-json\/wp\/v2\/comments?post=1191"}],"version-history":[{"count":17,"href":"https:\/\/www.ajansitalya.com\/index.php\/wp-json\/wp\/v2\/pages\/1191\/revisions"}],"predecessor-version":[{"id":1416,"href":"https:\/\/www.ajansitalya.com\/index.php\/wp-json\/wp\/v2\/pages\/1191\/revisions\/1416"}],"wp:featuredmedia":[{"embeddable":true,"href":"https:\/\/www.ajansitalya.com\/index.php\/wp-json\/wp\/v2\/media\/1253"}],"wp:attachment":[{"href":"https:\/\/www.ajansitalya.com\/index.php\/wp-json\/wp\/v2\/media?parent=1191"}],"curies":[{"name":"wp","href":"https:\/\/api.w.org\/{rel}","templated":true}]}}